{"id":1025,"date":"2023-12-26T12:31:06","date_gmt":"2023-12-26T12:31:06","guid":{"rendered":"https:\/\/trabajosverticales90grados.voilaestudio.es\/?page_id=1025"},"modified":"2023-12-26T12:34:00","modified_gmt":"2023-12-26T12:34:00","slug":"politica-de-cookies","status":"publish","type":"page","link":"https:\/\/trabajosverticales90grados.es\/en\/politica-de-cookies\/","title":{"rendered":"Cookies policy"},"content":{"rendered":"<div data-elementor-type=\"wp-page\" data-elementor-id=\"1025\" class=\"elementor elementor-1025\" data-elementor-post-type=\"page\">\n\t\t\t\t\t\t<section class=\"elementor-section elementor-top-section elementor-element elementor-element-0931e92 elementor-section-full_width elementor-section-height-min-height elementor-section-content-middle elementor-section-height-default elementor-section-items-middle\" data-id=\"0931e92\" data-element_type=\"section\" data-settings=\"{&quot;background_background&quot;:&quot;classic&quot;}\">\n\t\t\t\t\t\t\t<div class=\"elementor-background-overlay\"><\/div>\n\t\t\t\t\t\t\t<div class=\"elementor-container elementor-column-gap-default\">\n\t\t\t\t\t<div class=\"elementor-column elementor-col-100 elementor-top-column elementor-element elementor-element-fe631f1\" data-id=\"fe631f1\" data-element_type=\"column\">\n\t\t\t<div class=\"elementor-widget-wrap elementor-element-populated\">\n\t\t\t\t\t\t<section class=\"elementor-section elementor-inner-section elementor-element elementor-element-e8971c3 elementor-section-boxed elementor-section-height-default elementor-section-height-default\" data-id=\"e8971c3\" data-element_type=\"section\">\n\t\t\t\t\t\t<div class=\"elementor-container elementor-column-gap-default\">\n\t\t\t\t\t<div class=\"elementor-column elementor-col-100 elementor-inner-column elementor-element elementor-element-7f5388d\" data-id=\"7f5388d\" data-element_type=\"column\">\n\t\t\t<div class=\"elementor-widget-wrap elementor-element-populated\">\n\t\t\t\t\t\t<div class=\"elementor-element elementor-element-2b77bb7 premium-header-block premium-header-inline elementor-widget elementor-widget-premium-addon-dual-header\" data-id=\"2b77bb7\" data-element_type=\"widget\" data-widget_type=\"premium-addon-dual-header.default\">\n\t\t\t\t<div class=\"elementor-widget-container\">\n\t\t\t\r\n\t\t\t\t\t<h1 class=\"premium-dual-header-first-header\"><span class=\"premium-dual-header-first-span\">Cookies policy <\/span><\/h1> \t\t\r\n\t\t\t\t<\/div>\n\t\t\t\t<\/div>\n\t\t\t\t\t<\/div>\n\t\t<\/div>\n\t\t\t\t\t<\/div>\n\t\t<\/section>\n\t\t\t\t\t<\/div>\n\t\t<\/div>\n\t\t\t\t\t<\/div>\n\t\t<\/section>\n\t\t\t\t<section class=\"elementor-section elementor-top-section elementor-element elementor-element-b679791 elementor-section-content-middle elementor-section-boxed elementor-section-height-default elementor-section-height-default\" data-id=\"b679791\" data-element_type=\"section\">\n\t\t\t\t\t\t<div class=\"elementor-container elementor-column-gap-default\">\n\t\t\t\t\t<div class=\"elementor-column elementor-col-100 elementor-top-column elementor-element elementor-element-fc95784\" data-id=\"fc95784\" data-element_type=\"column\">\n\t\t\t<div class=\"elementor-widget-wrap elementor-element-populated\">\n\t\t\t\t\t\t<div class=\"elementor-element elementor-element-147592b elementor-widget elementor-widget-text-editor\" data-id=\"147592b\" data-element_type=\"widget\" data-widget_type=\"text-editor.default\">\n\t\t\t\t<div class=\"elementor-widget-container\">\n\t\t\t<style>\/*! elementor - v3.23.0 - 05-08-2024 *\/\n.elementor-widget-text-editor.elementor-drop-cap-view-stacked .elementor-drop-cap{background-color:#69727d;color:#fff}.elementor-widget-text-editor.elementor-drop-cap-view-framed .elementor-drop-cap{color:#69727d;border:3px solid;background-color:transparent}.elementor-widget-text-editor:not(.elementor-drop-cap-view-default) .elementor-drop-cap{margin-top:8px}.elementor-widget-text-editor:not(.elementor-drop-cap-view-default) .elementor-drop-cap-letter{width:1em;height:1em}.elementor-widget-text-editor .elementor-drop-cap{float:left;text-align:center;line-height:1;font-size:50px}.elementor-widget-text-editor .elementor-drop-cap-letter{display:inline-block}<\/style>\t\t\t\t<div class=\"vc_row wpb_row section vc_row-fluid\">\n<div class=\"full_section_inner clearfix\">\n<div class=\"wpb_column vc_column_container vc_col-sm-12\">\n<div class=\"vc_column-inner\">\n<div class=\"wpb_wrapper\">\n<div class=\"wpb_text_column wpb_content_element\">\n<div class=\"wpb_wrapper\">\n<p>Este sitio web, al igual que la mayor\u00eda de los sitios en Internet, usa Cookies para mejorar y optimizar la experiencia del usuario. A continuaci\u00f3n encontrar\u00e1s informaci\u00f3n detallada sobre qu\u00e9 son las \u201cCookies\u201d, qu\u00e9 tipolog\u00eda utiliza este sitio web, c\u00f3mo puedes desactivarlas en tu navegador y c\u00f3mo bloquear espec\u00edficamente la instalaci\u00f3n de Cookies de terceros.<\/p>\n<p><b>\u00bfQU\u00c9 SON LAS COOKIES Y C\u00d3MO LAS UTILIZA ESTE SITIO WEB?<\/b><\/p>\n<p>Las Cookies son archivos que el sitio web o la aplicaci\u00f3n que utilizas instala en tu navegador o en tu dispositivo (Smartphone, tableta o televisi\u00f3n conectada) durante tu recorrido por las p\u00e1ginas o por la aplicaci\u00f3n, y sirven para almacenar informaci\u00f3n sobre tu visita. Como la mayor\u00eda de los sitios en internet, los portales web de 90Grados utilizan cookies para:<br><\/p>\n<ul>\n<li>Asegurar que las p\u00e1ginas web pueden funcionar correctamente.<\/li>\n<li>Almacenar tus preferencias, como el idioma que has seleccionado o el tama\u00f1o de letra.<\/li>\n<li>Conocer tu experiencia de navegaci\u00f3n.<\/li>\n<li>Recopilar informaci\u00f3n estad\u00edstica an\u00f3nima, como qu\u00e9 p\u00e1ginas has visto o cu\u00e1nto tiempo has estado en nuestros medios.<\/li>\n<\/ul>\n<p>El uso de Cookies nos permite optimizar tu navegaci\u00f3n, adaptando la informaci\u00f3n y los servicios ofrecidos a tus intereses, para proporcionarte una mejor experiencia siempre que nos visites. Los sitios web de 90Grados utilizan cookies para funcionar, adaptar y facilitar al m\u00e1ximo la navegaci\u00f3n del usuario.<\/p>\n<p>Las Cookies se asocian \u00fanicamente a un usuario an\u00f3nimo y su ordenador\/dispositivo, y no proporcionan referencias que permitan conocer datos personales. En todo momento podr\u00e1s acceder a la configuraci\u00f3n de tu navegador para modificar y\/o bloquear la instalaci\u00f3n de las Cookies enviadas por los sitios web de 90Grados sin que ello impida el acceso a los contenidos. Sin embargo, la calidad del funcionamiento de los servicios puede verse afectada.<\/p>\n<p>Los Usuarios que completen el proceso de registro o hayan iniciado sesi\u00f3n con sus datos de acceso podr\u00e1n acceder a servicios personalizados y adaptados a sus preferencias seg\u00fan la informaci\u00f3n personal suministrada en el momento del registro y la almacenada en la Cookie de su navegador.<\/p>\n<p><b>\u00bfPOR QU\u00c9 SON IMPORTANTES?<\/b><br><\/p>\n<ol style=\"\">\n<li style=\"\">Desde un punto de vista t\u00e9cnico, permiten que los sitios web funcionen de forma m\u00e1s \u00e1gil y adaptada a las preferencias de los usuarios, como por ejemplo almacenar el idioma, la moneda del pa\u00eds o detectar el dispositivo de acceso.<\/li>\n<li style=\"\">Establecen niveles de protecci\u00f3n y seguridad que impiden o dificultan ciberataques contra el sitio web o sus usuarios.<\/li>\n<li style=\"\">Permiten que los gestores de los medios puedan conocer datos estad\u00edsticos recopilados en las Cookies para mejorar la calidad y experiencia de sus servicios.<\/li>\n<li style=\"\">Sirven para optimizar la publicidad que mostramos a los usuarios, ofreciendo la que m\u00e1s se ajusta a sus intereses.<\/li>\n<\/ol>\n<p><b>\u00bfCU\u00c1LES SON LOS DIFERENTES TIPOS DE COOKIES QUE PODEMOS UTILIZAR EN 90GRADOS?<\/b><br><\/p>\n<ul style=\"\">\n<li style=\"\">Las de sesi\u00f3n expiran cuando el Usuario abandona la p\u00e1gina o cierra el navegador, es decir, est\u00e1n activas mientras dura la visita al sitio web y por tanto son borradas de nuestro ordenador al abandonarlo.<\/li>\n<li style=\"\">Las permanentes expiran cuando se cumple el objetivo para el que sirven, o bien cuando se borran manualmente, tienen fecha de borrado y se utilizan normalmente en proceso de compra online, personalizaciones o en el registro, para no tener que introducir nuestra contrase\u00f1a constantemente.<\/li>\n<\/ul>\n<p>Por otro lado, seg\u00fan quien sea la entidad que gestione el equipo o dominio desde donde se env\u00edan las cookies y trate los datos que se obtengan, podemos distinguir entre Cookies propias y de terceros.<br><ul><li>Las Cookies propias son aquellas Cookies que son enviadas a tu ordenador y gestionadas exclusivamente por nosotros para el mejor funcionamiento del Sitio Web. La informaci\u00f3n que recabamos se emplea para mejorar la calidad de nuestro servicio y tu experiencia como usuario.<\/li><li>Si interact\u00faas con el contenido de nuestro Sitio Web, tambi\u00e9n pueden establecerse cookies de terceros (por ejemplo, al pulsar botones de redes sociales o visionar v\u00eddeos alojados en otro sitio web), que son aquellas establecidas por un dominio diferente de nuestro Sitio Web. No podemos acceder a los datos almacenados en las cookies de otros sitios web cuando navegues en los citados sitios web.<\/li><\/ul><\/p>\n<\/div>\n<\/div>\n<\/div>\n<\/div>\n<\/div>\n<\/div>\n<\/div>\t\t\t\t\t\t<\/div>\n\t\t\t\t<\/div>\n\t\t\t\t\t<\/div>\n\t\t<\/div>\n\t\t\t\t\t<\/div>\n\t\t<\/section>\n\t\t\t\t<\/div>","protected":false},"excerpt":{"rendered":"<p>Pol\u00edtica de Cookies Este sitio web, al igual que la mayor\u00eda de los sitios en Internet, usa Cookies para mejorar y optimizar la experiencia del usuario. A continuaci\u00f3n encontrar\u00e1s informaci\u00f3n detallada sobre qu\u00e9 son las \u201cCookies\u201d, qu\u00e9 tipolog\u00eda utiliza este sitio web, c\u00f3mo puedes desactivarlas en tu navegador y c\u00f3mo bloquear espec\u00edficamente la instalaci\u00f3n de [&hellip;]<\/p>","protected":false},"author":1,"featured_media":0,"parent":0,"menu_order":0,"comment_status":"closed","ping_status":"closed","template":"elementor_header_footer","meta":{"footnotes":""},"class_list":["post-1025","page","type-page","status-publish","hentry"],"yoast_head":"<!-- This site is optimized with the Yoast SEO plugin v23.1 - https:\/\/yoast.com\/wordpress\/plugins\/seo\/ -->\n<title>Pol\u00edtica de Cookies - Trabajos Verticales 90 Grados<\/title>\n<meta name=\"robots\" content=\"index, follow, max-snippet:-1, max-image-preview:large, max-video-preview:-1\" \/>\n<link rel=\"canonical\" href=\"https:\/\/trabajosverticales90grados.es\/en\/politica-de-cookies\/\" \/>\n<meta property=\"og:locale\" content=\"en_GB\" \/>\n<meta property=\"og:type\" content=\"article\" \/>\n<meta property=\"og:title\" content=\"Pol\u00edtica de Cookies - Trabajos Verticales 90 Grados\" \/>\n<meta property=\"og:description\" content=\"Pol\u00edtica de Cookies Este sitio web, al igual que la mayor\u00eda de los sitios en Internet, usa Cookies para mejorar y optimizar la experiencia del usuario. A continuaci\u00f3n encontrar\u00e1s informaci\u00f3n detallada sobre qu\u00e9 son las \u201cCookies\u201d, qu\u00e9 tipolog\u00eda utiliza este sitio web, c\u00f3mo puedes desactivarlas en tu navegador y c\u00f3mo bloquear espec\u00edficamente la instalaci\u00f3n de [&hellip;]\" \/>\n<meta property=\"og:url\" content=\"https:\/\/trabajosverticales90grados.es\/en\/politica-de-cookies\/\" \/>\n<meta property=\"og:site_name\" content=\"Trabajos Verticales 90 Grados\" \/>\n<meta property=\"article:modified_time\" content=\"2023-12-26T12:34:00+00:00\" \/>\n<meta name=\"twitter:card\" content=\"summary_large_image\" \/>\n<meta name=\"twitter:label1\" content=\"Estimated reading time\" \/>\n\t<meta name=\"twitter:data1\" content=\"4 minutes\" \/>\n<script type=\"application\/ld+json\" class=\"yoast-schema-graph\">{\"@context\":\"https:\/\/schema.org\",\"@graph\":[{\"@type\":\"WebPage\",\"@id\":\"https:\/\/trabajosverticales90grados.es\/politica-de-cookies\/\",\"url\":\"https:\/\/trabajosverticales90grados.es\/politica-de-cookies\/\",\"name\":\"Pol\u00edtica de Cookies - Trabajos Verticales 90 Grados\",\"isPartOf\":{\"@id\":\"https:\/\/trabajosverticales90grados.es\/#website\"},\"datePublished\":\"2023-12-26T12:31:06+00:00\",\"dateModified\":\"2023-12-26T12:34:00+00:00\",\"breadcrumb\":{\"@id\":\"https:\/\/trabajosverticales90grados.es\/politica-de-cookies\/#breadcrumb\"},\"inLanguage\":\"en-GB\",\"potentialAction\":[{\"@type\":\"ReadAction\",\"target\":[\"https:\/\/trabajosverticales90grados.es\/politica-de-cookies\/\"]}]},{\"@type\":\"BreadcrumbList\",\"@id\":\"https:\/\/trabajosverticales90grados.es\/politica-de-cookies\/#breadcrumb\",\"itemListElement\":[{\"@type\":\"ListItem\",\"position\":1,\"name\":\"Portada\",\"item\":\"https:\/\/trabajosverticales90grados.es\/\"},{\"@type\":\"ListItem\",\"position\":2,\"name\":\"Pol\u00edtica de Cookies\"}]},{\"@type\":\"WebSite\",\"@id\":\"https:\/\/trabajosverticales90grados.es\/#website\",\"url\":\"https:\/\/trabajosverticales90grados.es\/\",\"name\":\"Trabajos Verticales 90 Grados\",\"description\":\"Construcci\u00f3n y Trabajos Verticales en Cantabria\",\"publisher\":{\"@id\":\"https:\/\/trabajosverticales90grados.es\/#organization\"},\"potentialAction\":[{\"@type\":\"SearchAction\",\"target\":{\"@type\":\"EntryPoint\",\"urlTemplate\":\"https:\/\/trabajosverticales90grados.es\/?s={search_term_string}\"},\"query-input\":\"required name=search_term_string\"}],\"inLanguage\":\"en-GB\"},{\"@type\":\"Organization\",\"@id\":\"https:\/\/trabajosverticales90grados.es\/#organization\",\"name\":\"Trabajos Verticales 90 Grados\",\"url\":\"https:\/\/trabajosverticales90grados.es\/\",\"logo\":{\"@type\":\"ImageObject\",\"inLanguage\":\"en-GB\",\"@id\":\"https:\/\/trabajosverticales90grados.es\/#\/schema\/logo\/image\/\",\"url\":\"https:\/\/trabajosverticales90grados.es\/wp-content\/uploads\/2023\/12\/Logo-web-90-Grados-e1701790576628.png\",\"contentUrl\":\"https:\/\/trabajosverticales90grados.es\/wp-content\/uploads\/2023\/12\/Logo-web-90-Grados-e1701790576628.png\",\"width\":422,\"height\":70,\"caption\":\"Trabajos Verticales 90 Grados\"},\"image\":{\"@id\":\"https:\/\/trabajosverticales90grados.es\/#\/schema\/logo\/image\/\"}}]}<\/script>\n<!-- \/ Yoast SEO plugin. -->","yoast_head_json":{"title":"Pol\u00edtica de Cookies - Trabajos Verticales 90 Grados","robots":{"index":"index","follow":"follow","max-snippet":"max-snippet:-1","max-image-preview":"max-image-preview:large","max-video-preview":"max-video-preview:-1"},"canonical":"https:\/\/trabajosverticales90grados.es\/en\/politica-de-cookies\/","og_locale":"en_GB","og_type":"article","og_title":"Pol\u00edtica de Cookies - Trabajos Verticales 90 Grados","og_description":"Pol\u00edtica de Cookies Este sitio web, al igual que la mayor\u00eda de los sitios en Internet, usa Cookies para mejorar y optimizar la experiencia del usuario. A continuaci\u00f3n encontrar\u00e1s informaci\u00f3n detallada sobre qu\u00e9 son las \u201cCookies\u201d, qu\u00e9 tipolog\u00eda utiliza este sitio web, c\u00f3mo puedes desactivarlas en tu navegador y c\u00f3mo bloquear espec\u00edficamente la instalaci\u00f3n de [&hellip;]","og_url":"https:\/\/trabajosverticales90grados.es\/en\/politica-de-cookies\/","og_site_name":"Trabajos Verticales 90 Grados","article_modified_time":"2023-12-26T12:34:00+00:00","twitter_card":"summary_large_image","twitter_misc":{"Estimated reading time":"4 minutes"},"schema":{"@context":"https:\/\/schema.org","@graph":[{"@type":"WebPage","@id":"https:\/\/trabajosverticales90grados.es\/politica-de-cookies\/","url":"https:\/\/trabajosverticales90grados.es\/politica-de-cookies\/","name":"Pol\u00edtica de Cookies - Trabajos Verticales 90 Grados","isPartOf":{"@id":"https:\/\/trabajosverticales90grados.es\/#website"},"datePublished":"2023-12-26T12:31:06+00:00","dateModified":"2023-12-26T12:34:00+00:00","breadcrumb":{"@id":"https:\/\/trabajosverticales90grados.es\/politica-de-cookies\/#breadcrumb"},"inLanguage":"en-GB","potentialAction":[{"@type":"ReadAction","target":["https:\/\/trabajosverticales90grados.es\/politica-de-cookies\/"]}]},{"@type":"BreadcrumbList","@id":"https:\/\/trabajosverticales90grados.es\/politica-de-cookies\/#breadcrumb","itemListElement":[{"@type":"ListItem","position":1,"name":"Portada","item":"https:\/\/trabajosverticales90grados.es\/"},{"@type":"ListItem","position":2,"name":"Pol\u00edtica de Cookies"}]},{"@type":"WebSite","@id":"https:\/\/trabajosverticales90grados.es\/#website","url":"https:\/\/trabajosverticales90grados.es\/","name":"Trabajos Verticales 90 Grados","description":"Construcci\u00f3n y Trabajos Verticales en Cantabria","publisher":{"@id":"https:\/\/trabajosverticales90grados.es\/#organization"},"potentialAction":[{"@type":"SearchAction","target":{"@type":"EntryPoint","urlTemplate":"https:\/\/trabajosverticales90grados.es\/?s={search_term_string}"},"query-input":"required name=search_term_string"}],"inLanguage":"en-GB"},{"@type":"Organization","@id":"https:\/\/trabajosverticales90grados.es\/#organization","name":"Trabajos Verticales 90 Grados","url":"https:\/\/trabajosverticales90grados.es\/","logo":{"@type":"ImageObject","inLanguage":"en-GB","@id":"https:\/\/trabajosverticales90grados.es\/#\/schema\/logo\/image\/","url":"https:\/\/trabajosverticales90grados.es\/wp-content\/uploads\/2023\/12\/Logo-web-90-Grados-e1701790576628.png","contentUrl":"https:\/\/trabajosverticales90grados.es\/wp-content\/uploads\/2023\/12\/Logo-web-90-Grados-e1701790576628.png","width":422,"height":70,"caption":"Trabajos Verticales 90 Grados"},"image":{"@id":"https:\/\/trabajosverticales90grados.es\/#\/schema\/logo\/image\/"}}]}},"_links":{"self":[{"href":"https:\/\/trabajosverticales90grados.es\/en\/wp-json\/wp\/v2\/pages\/1025","targetHints":{"allow":["GET"]}}],"collection":[{"href":"https:\/\/trabajosverticales90grados.es\/en\/wp-json\/wp\/v2\/pages"}],"about":[{"href":"https:\/\/trabajosverticales90grados.es\/en\/wp-json\/wp\/v2\/types\/page"}],"author":[{"embeddable":true,"href":"https:\/\/trabajosverticales90grados.es\/en\/wp-json\/wp\/v2\/users\/1"}],"replies":[{"embeddable":true,"href":"https:\/\/trabajosverticales90grados.es\/en\/wp-json\/wp\/v2\/comments?post=1025"}],"version-history":[{"count":4,"href":"https:\/\/trabajosverticales90grados.es\/en\/wp-json\/wp\/v2\/pages\/1025\/revisions"}],"predecessor-version":[{"id":1029,"href":"https:\/\/trabajosverticales90grados.es\/en\/wp-json\/wp\/v2\/pages\/1025\/revisions\/1029"}],"wp:attachment":[{"href":"https:\/\/trabajosverticales90grados.es\/en\/wp-json\/wp\/v2\/media?parent=1025"}],"curies":[{"name":"wp","href":"https:\/\/api.w.org\/{rel}","templated":true}]}}