{"id":1222,"date":"2024-02-27T14:37:51","date_gmt":"2024-02-27T14:37:51","guid":{"rendered":"https:\/\/trabajosverticales90grados.es\/?page_id=1222"},"modified":"2024-05-15T08:03:57","modified_gmt":"2024-05-15T08:03:57","slug":"sistemas-de-seguridad-en-la-altura-en-cantabria","status":"publish","type":"page","link":"https:\/\/trabajosverticales90grados.es\/en\/productos-y-servicios\/sistemas-de-seguridad-en-la-altura-en-cantabria\/","title":{"rendered":"Safety systems at height"},"content":{"rendered":"<div data-elementor-type=\"wp-page\" data-elementor-id=\"1222\" class=\"elementor elementor-1222\" data-elementor-post-type=\"page\">\n\t\t\t\t\t\t<section class=\"elementor-section elementor-top-section elementor-element elementor-element-4e833ca elementor-section-full_width elementor-section-height-min-height elementor-section-content-middle elementor-section-height-default elementor-section-items-middle\" data-id=\"4e833ca\" data-element_type=\"section\" data-settings=\"{&quot;background_background&quot;:&quot;classic&quot;}\">\n\t\t\t\t\t\t\t<div class=\"elementor-background-overlay\"><\/div>\n\t\t\t\t\t\t\t<div class=\"elementor-container elementor-column-gap-default\">\n\t\t\t\t\t<div class=\"elementor-column elementor-col-100 elementor-top-column elementor-element elementor-element-2d584a7\" data-id=\"2d584a7\" data-element_type=\"column\">\n\t\t\t<div class=\"elementor-widget-wrap elementor-element-populated\">\n\t\t\t\t\t\t<section class=\"elementor-section elementor-inner-section elementor-element elementor-element-1692fce elementor-section-boxed elementor-section-height-default elementor-section-height-default\" data-id=\"1692fce\" data-element_type=\"section\">\n\t\t\t\t\t\t<div class=\"elementor-container elementor-column-gap-default\">\n\t\t\t\t\t<div class=\"elementor-column elementor-col-100 elementor-inner-column elementor-element elementor-element-4568b6f\" data-id=\"4568b6f\" data-element_type=\"column\">\n\t\t\t<div class=\"elementor-widget-wrap elementor-element-populated\">\n\t\t\t\t\t\t<div class=\"elementor-element elementor-element-9814ed9 premium-header-block premium-header-inline elementor-widget elementor-widget-premium-addon-dual-header\" data-id=\"9814ed9\" data-element_type=\"widget\" data-widget_type=\"premium-addon-dual-header.default\">\n\t\t\t\t<div class=\"elementor-widget-container\">\n\t\t\t\r\n\t\t\t\t\t<h1 class=\"premium-dual-header-first-header\"><span class=\"premium-dual-header-first-span\">Safety systems at height <\/span><\/h1> \t\t\r\n\t\t\t\t<\/div>\n\t\t\t\t<\/div>\n\t\t\t\t<div class=\"elementor-element elementor-element-5b44070 elementor-align-right elementor-widget elementor-widget-button\" data-id=\"5b44070\" data-element_type=\"widget\" data-widget_type=\"button.default\">\n\t\t\t\t<div class=\"elementor-widget-container\">\n\t\t\t\t\t<div class=\"elementor-button-wrapper\">\n\t\t\t<a class=\"elementor-button elementor-button-link elementor-size-sm elementor-animation-shrink\" href=\"https:\/\/trabajosverticales90grados.es\/en\/contacto\/\">\n\t\t\t\t\t\t<span class=\"elementor-button-content-wrapper\">\n\t\t\t\t\t\t\t\t\t<span class=\"elementor-button-text\">Contact us <\/span>\n\t\t\t\t\t<\/span>\n\t\t\t\t\t<\/a>\n\t\t<\/div>\n\t\t\t\t<\/div>\n\t\t\t\t<\/div>\n\t\t\t\t\t<\/div>\n\t\t<\/div>\n\t\t\t\t\t<\/div>\n\t\t<\/section>\n\t\t\t\t\t<\/div>\n\t\t<\/div>\n\t\t\t\t\t<\/div>\n\t\t<\/section>\n\t\t\t\t<section class=\"elementor-section elementor-top-section elementor-element elementor-element-686f0df elementor-section-content-top elementor-section-boxed elementor-section-height-default elementor-section-height-default\" data-id=\"686f0df\" data-element_type=\"section\">\n\t\t\t\t\t\t<div class=\"elementor-container elementor-column-gap-default\">\n\t\t\t\t\t<div class=\"elementor-column elementor-col-50 elementor-top-column elementor-element elementor-element-cdbad6d\" data-id=\"cdbad6d\" data-element_type=\"column\">\n\t\t\t<div class=\"elementor-widget-wrap elementor-element-populated\">\n\t\t\t\t\t\t<div class=\"elementor-element elementor-element-dbd04f3 elementor-widget elementor-widget-image\" data-id=\"dbd04f3\" data-element_type=\"widget\" data-widget_type=\"image.default\">\n\t\t\t\t<div class=\"elementor-widget-container\">\n\t\t\t<style>\/*! elementor - v3.23.0 - 05-08-2024 *\/\n.elementor-widget-image{text-align:center}.elementor-widget-image a{display:inline-block}.elementor-widget-image a img[src$=\".svg\"]{width:48px}.elementor-widget-image img{vertical-align:middle;display:inline-block}<\/style>\t\t\t\t\t\t\t\t\t\t<img fetchpriority=\"high\" decoding=\"async\" width=\"768\" height=\"1024\" src=\"https:\/\/trabajosverticales90grados.es\/wp-content\/uploads\/2024\/03\/6d3cd113-8bd7-4d42-83f1-959a192eed2d.jpg\" class=\"attachment-full size-full wp-image-1417\" alt=\"\" srcset=\"https:\/\/trabajosverticales90grados.es\/wp-content\/uploads\/2024\/03\/6d3cd113-8bd7-4d42-83f1-959a192eed2d.jpg 768w, https:\/\/trabajosverticales90grados.es\/wp-content\/uploads\/2024\/03\/6d3cd113-8bd7-4d42-83f1-959a192eed2d-225x300.jpg 225w\" sizes=\"(max-width: 768px) 100vw, 768px\" \/>\t\t\t\t\t\t\t\t\t\t\t\t\t<\/div>\n\t\t\t\t<\/div>\n\t\t\t\t\t<\/div>\n\t\t<\/div>\n\t\t\t\t<div class=\"elementor-column elementor-col-50 elementor-top-column elementor-element elementor-element-d8c7c91\" data-id=\"d8c7c91\" data-element_type=\"column\">\n\t\t\t<div class=\"elementor-widget-wrap elementor-element-populated\">\n\t\t\t\t\t\t<section class=\"elementor-section elementor-inner-section elementor-element elementor-element-cb744f9 elementor-section-boxed elementor-section-height-default elementor-section-height-default\" data-id=\"cb744f9\" data-element_type=\"section\" data-settings=\"{&quot;background_background&quot;:&quot;classic&quot;}\">\n\t\t\t\t\t\t<div class=\"elementor-container elementor-column-gap-default\">\n\t\t\t\t\t<div class=\"elementor-column elementor-col-100 elementor-inner-column elementor-element elementor-element-36271c4\" data-id=\"36271c4\" data-element_type=\"column\">\n\t\t\t<div class=\"elementor-widget-wrap elementor-element-populated\">\n\t\t\t\t\t\t<div class=\"elementor-element elementor-element-39f5cfc elementor-icon-list--layout-traditional elementor-list-item-link-full_width elementor-widget elementor-widget-icon-list\" data-id=\"39f5cfc\" data-element_type=\"widget\" data-widget_type=\"icon-list.default\">\n\t\t\t\t<div class=\"elementor-widget-container\">\n\t\t\t<link rel=\"stylesheet\" href=\"https:\/\/trabajosverticales90grados.es\/wp-content\/plugins\/elementor\/assets\/css\/widget-icon-list.min.css\">\t\t<ul class=\"elementor-icon-list-items\">\n\t\t\t\t\t\t\t<li class=\"elementor-icon-list-item\">\n\t\t\t\t\t\t\t\t\t\t\t<span class=\"elementor-icon-list-icon\">\n\t\t\t\t\t\t\t<svg aria-hidden=\"true\" class=\"e-font-icon-svg e-fas-building\" viewbox=\"0 0 448 512\" xmlns=\"http:\/\/www.w3.org\/2000\/svg\"><path d=\"M436 480h-20V24c0-13.255-10.745-24-24-24H56C42.745 0 32 10.745 32 24v456H12c-6.627 0-12 5.373-12 12v20h448v-20c0-6.627-5.373-12-12-12zM128 76c0-6.627 5.373-12 12-12h40c6.627 0 12 5.373 12 12v40c0 6.627-5.373 12-12 12h-40c-6.627 0-12-5.373-12-12V76zm0 96c0-6.627 5.373-12 12-12h40c6.627 0 12 5.373 12 12v40c0 6.627-5.373 12-12 12h-40c-6.627 0-12-5.373-12-12v-40zm52 148h-40c-6.627 0-12-5.373-12-12v-40c0-6.627 5.373-12 12-12h40c6.627 0 12 5.373 12 12v40c0 6.627-5.373 12-12 12zm76 160h-64v-84c0-6.627 5.373-12 12-12h40c6.627 0 12 5.373 12 12v84zm64-172c0 6.627-5.373 12-12 12h-40c-6.627 0-12-5.373-12-12v-40c0-6.627 5.373-12 12-12h40c6.627 0 12 5.373 12 12v40zm0-96c0 6.627-5.373 12-12 12h-40c-6.627 0-12-5.373-12-12v-40c0-6.627 5.373-12 12-12h40c6.627 0 12 5.373 12 12v40zm0-96c0 6.627-5.373 12-12 12h-40c-6.627 0-12-5.373-12-12V76c0-6.627 5.373-12 12-12h40c6.627 0 12 5.373 12 12v40z\"><\/path><\/svg>\t\t\t\t\t\t<\/span>\n\t\t\t\t\t\t\t\t\t\t<span class=\"elementor-icon-list-text\">Cable lifelines UNE EN 795:2012 C.<\/span>\n\t\t\t\t\t\t\t\t\t<\/li>\n\t\t\t\t\t\t\t\t<li class=\"elementor-icon-list-item\">\n\t\t\t\t\t\t\t\t\t\t\t<span class=\"elementor-icon-list-icon\">\n\t\t\t\t\t\t\t<svg aria-hidden=\"true\" class=\"e-font-icon-svg e-fas-building\" viewbox=\"0 0 448 512\" xmlns=\"http:\/\/www.w3.org\/2000\/svg\"><path d=\"M436 480h-20V24c0-13.255-10.745-24-24-24H56C42.745 0 32 10.745 32 24v456H12c-6.627 0-12 5.373-12 12v20h448v-20c0-6.627-5.373-12-12-12zM128 76c0-6.627 5.373-12 12-12h40c6.627 0 12 5.373 12 12v40c0 6.627-5.373 12-12 12h-40c-6.627 0-12-5.373-12-12V76zm0 96c0-6.627 5.373-12 12-12h40c6.627 0 12 5.373 12 12v40c0 6.627-5.373 12-12 12h-40c-6.627 0-12-5.373-12-12v-40zm52 148h-40c-6.627 0-12-5.373-12-12v-40c0-6.627 5.373-12 12-12h40c6.627 0 12 5.373 12 12v40c0 6.627-5.373 12-12 12zm76 160h-64v-84c0-6.627 5.373-12 12-12h40c6.627 0 12 5.373 12 12v84zm64-172c0 6.627-5.373 12-12 12h-40c-6.627 0-12-5.373-12-12v-40c0-6.627 5.373-12 12-12h40c6.627 0 12 5.373 12 12v40zm0-96c0 6.627-5.373 12-12 12h-40c-6.627 0-12-5.373-12-12v-40c0-6.627 5.373-12 12-12h40c6.627 0 12 5.373 12 12v40zm0-96c0 6.627-5.373 12-12 12h-40c-6.627 0-12-5.373-12-12V76c0-6.627 5.373-12 12-12h40c6.627 0 12 5.373 12 12v40z\"><\/path><\/svg>\t\t\t\t\t\t<\/span>\n\t\t\t\t\t\t\t\t\t\t<span class=\"elementor-icon-list-text\">Horizontal lifeline with rail certified by DEKRA EXAM GmbH complying with EN 795: 2012 as a Type D point. Vertical lifeline with rail UNE EN 353-1:2014.<\/span>\n\t\t\t\t\t\t\t\t\t<\/li>\n\t\t\t\t\t\t\t\t<li class=\"elementor-icon-list-item\">\n\t\t\t\t\t\t\t\t\t\t\t<span class=\"elementor-icon-list-icon\">\n\t\t\t\t\t\t\t<svg aria-hidden=\"true\" class=\"e-font-icon-svg e-fas-building\" viewbox=\"0 0 448 512\" xmlns=\"http:\/\/www.w3.org\/2000\/svg\"><path d=\"M436 480h-20V24c0-13.255-10.745-24-24-24H56C42.745 0 32 10.745 32 24v456H12c-6.627 0-12 5.373-12 12v20h448v-20c0-6.627-5.373-12-12-12zM128 76c0-6.627 5.373-12 12-12h40c6.627 0 12 5.373 12 12v40c0 6.627-5.373 12-12 12h-40c-6.627 0-12-5.373-12-12V76zm0 96c0-6.627 5.373-12 12-12h40c6.627 0 12 5.373 12 12v40c0 6.627-5.373 12-12 12h-40c-6.627 0-12-5.373-12-12v-40zm52 148h-40c-6.627 0-12-5.373-12-12v-40c0-6.627 5.373-12 12-12h40c6.627 0 12 5.373 12 12v40c0 6.627-5.373 12-12 12zm76 160h-64v-84c0-6.627 5.373-12 12-12h40c6.627 0 12 5.373 12 12v84zm64-172c0 6.627-5.373 12-12 12h-40c-6.627 0-12-5.373-12-12v-40c0-6.627 5.373-12 12-12h40c6.627 0 12 5.373 12 12v40zm0-96c0 6.627-5.373 12-12 12h-40c-6.627 0-12-5.373-12-12v-40c0-6.627 5.373-12 12-12h40c6.627 0 12 5.373 12 12v40zm0-96c0 6.627-5.373 12-12 12h-40c-6.627 0-12-5.373-12-12V76c0-6.627 5.373-12 12-12h40c6.627 0 12 5.373 12 12v40z\"><\/path><\/svg>\t\t\t\t\t\t<\/span>\n\t\t\t\t\t\t\t\t\t\t<span class=\"elementor-icon-list-text\">Anchor points certified by DEKRA EXAM GmbH complying with EN 795: 2012 as a Type A + point CEN\/TS16415_2013<\/span>\n\t\t\t\t\t\t\t\t\t<\/li>\n\t\t\t\t\t\t\t\t<li class=\"elementor-icon-list-item\">\n\t\t\t\t\t\t\t\t\t\t\t<span class=\"elementor-icon-list-icon\">\n\t\t\t\t\t\t\t<svg aria-hidden=\"true\" class=\"e-font-icon-svg e-fas-building\" viewbox=\"0 0 448 512\" xmlns=\"http:\/\/www.w3.org\/2000\/svg\"><path d=\"M436 480h-20V24c0-13.255-10.745-24-24-24H56C42.745 0 32 10.745 32 24v456H12c-6.627 0-12 5.373-12 12v20h448v-20c0-6.627-5.373-12-12-12zM128 76c0-6.627 5.373-12 12-12h40c6.627 0 12 5.373 12 12v40c0 6.627-5.373 12-12 12h-40c-6.627 0-12-5.373-12-12V76zm0 96c0-6.627 5.373-12 12-12h40c6.627 0 12 5.373 12 12v40c0 6.627-5.373 12-12 12h-40c-6.627 0-12-5.373-12-12v-40zm52 148h-40c-6.627 0-12-5.373-12-12v-40c0-6.627 5.373-12 12-12h40c6.627 0 12 5.373 12 12v40c0 6.627-5.373 12-12 12zm76 160h-64v-84c0-6.627 5.373-12 12-12h40c6.627 0 12 5.373 12 12v84zm64-172c0 6.627-5.373 12-12 12h-40c-6.627 0-12-5.373-12-12v-40c0-6.627 5.373-12 12-12h40c6.627 0 12 5.373 12 12v40zm0-96c0 6.627-5.373 12-12 12h-40c-6.627 0-12-5.373-12-12v-40c0-6.627 5.373-12 12-12h40c6.627 0 12 5.373 12 12v40zm0-96c0 6.627-5.373 12-12 12h-40c-6.627 0-12-5.373-12-12V76c0-6.627 5.373-12 12-12h40c6.627 0 12 5.373 12 12v40z\"><\/path><\/svg>\t\t\t\t\t\t<\/span>\n\t\t\t\t\t\t\t\t\t\t<span class=\"elementor-icon-list-text\">Mobile anchoring devices certified by DEKRA EXAM GmbH according to EN 795:2012 as point Type A + B CEN\/TS16415_2013<\/span>\n\t\t\t\t\t\t\t\t\t<\/li>\n\t\t\t\t\t\t\t\t<li class=\"elementor-icon-list-item\">\n\t\t\t\t\t\t\t\t\t\t\t<span class=\"elementor-icon-list-icon\">\n\t\t\t\t\t\t\t<svg aria-hidden=\"true\" class=\"e-font-icon-svg e-fas-building\" viewbox=\"0 0 448 512\" xmlns=\"http:\/\/www.w3.org\/2000\/svg\"><path d=\"M436 480h-20V24c0-13.255-10.745-24-24-24H56C42.745 0 32 10.745 32 24v456H12c-6.627 0-12 5.373-12 12v20h448v-20c0-6.627-5.373-12-12-12zM128 76c0-6.627 5.373-12 12-12h40c6.627 0 12 5.373 12 12v40c0 6.627-5.373 12-12 12h-40c-6.627 0-12-5.373-12-12V76zm0 96c0-6.627 5.373-12 12-12h40c6.627 0 12 5.373 12 12v40c0 6.627-5.373 12-12 12h-40c-6.627 0-12-5.373-12-12v-40zm52 148h-40c-6.627 0-12-5.373-12-12v-40c0-6.627 5.373-12 12-12h40c6.627 0 12 5.373 12 12v40c0 6.627-5.373 12-12 12zm76 160h-64v-84c0-6.627 5.373-12 12-12h40c6.627 0 12 5.373 12 12v84zm64-172c0 6.627-5.373 12-12 12h-40c-6.627 0-12-5.373-12-12v-40c0-6.627 5.373-12 12-12h40c6.627 0 12 5.373 12 12v40zm0-96c0 6.627-5.373 12-12 12h-40c-6.627 0-12-5.373-12-12v-40c0-6.627 5.373-12 12-12h40c6.627 0 12 5.373 12 12v40zm0-96c0 6.627-5.373 12-12 12h-40c-6.627 0-12-5.373-12-12V76c0-6.627 5.373-12 12-12h40c6.627 0 12 5.373 12 12v40z\"><\/path><\/svg>\t\t\t\t\t\t<\/span>\n\t\t\t\t\t\t\t\t\t\t<span class=\"elementor-icon-list-text\">Roof access systems with rail certified according to EN 353-1.2014.<\/span>\n\t\t\t\t\t\t\t\t\t<\/li>\n\t\t\t\t\t\t\t\t<li class=\"elementor-icon-list-item\">\n\t\t\t\t\t\t\t\t\t\t\t<span class=\"elementor-icon-list-icon\">\n\t\t\t\t\t\t\t<svg aria-hidden=\"true\" class=\"e-font-icon-svg e-fas-building\" viewbox=\"0 0 448 512\" xmlns=\"http:\/\/www.w3.org\/2000\/svg\"><path d=\"M436 480h-20V24c0-13.255-10.745-24-24-24H56C42.745 0 32 10.745 32 24v456H12c-6.627 0-12 5.373-12 12v20h448v-20c0-6.627-5.373-12-12-12zM128 76c0-6.627 5.373-12 12-12h40c6.627 0 12 5.373 12 12v40c0 6.627-5.373 12-12 12h-40c-6.627 0-12-5.373-12-12V76zm0 96c0-6.627 5.373-12 12-12h40c6.627 0 12 5.373 12 12v40c0 6.627-5.373 12-12 12h-40c-6.627 0-12-5.373-12-12v-40zm52 148h-40c-6.627 0-12-5.373-12-12v-40c0-6.627 5.373-12 12-12h40c6.627 0 12 5.373 12 12v40c0 6.627-5.373 12-12 12zm76 160h-64v-84c0-6.627 5.373-12 12-12h40c6.627 0 12 5.373 12 12v84zm64-172c0 6.627-5.373 12-12 12h-40c-6.627 0-12-5.373-12-12v-40c0-6.627 5.373-12 12-12h40c6.627 0 12 5.373 12 12v40zm0-96c0 6.627-5.373 12-12 12h-40c-6.627 0-12-5.373-12-12v-40c0-6.627 5.373-12 12-12h40c6.627 0 12 5.373 12 12v40zm0-96c0 6.627-5.373 12-12 12h-40c-6.627 0-12-5.373-12-12V76c0-6.627 5.373-12 12-12h40c6.627 0 12 5.373 12 12v40z\"><\/path><\/svg>\t\t\t\t\t\t<\/span>\n\t\t\t\t\t\t\t\t\t\t<span class=\"elementor-icon-list-text\">Handrail certified according to EN 13374 # Class A, EN 14122-3 and DIN 14094-2.<\/span>\n\t\t\t\t\t\t\t\t\t<\/li>\n\t\t\t\t\t\t<\/ul>\n\t\t\t\t<\/div>\n\t\t\t\t<\/div>\n\t\t\t\t\t<\/div>\n\t\t<\/div>\n\t\t\t\t\t<\/div>\n\t\t<\/section>\n\t\t\t\t\t<\/div>\n\t\t<\/div>\n\t\t\t\t\t<\/div>\n\t\t<\/section>\n\t\t\t\t<\/div>","protected":false},"excerpt":{"rendered":"<p>Sistemas de seguridad en la altura Cont\u00e1ctanos L\u00edneas de vida de cable UNE EN 795:2012 C. L\u00ednea de vida horizontal con rail certificado por DEKRA EXAM GmbH cumpliendo EN 795: 2012 como punto Tipo D. L\u00ednea de vida vertical de rail UNE EN 353-1:2014. Puntos de anclaje certificado por DEKRA EXAM GmbH cumpliendo EN 795: [&hellip;]<\/p>","protected":false},"author":1,"featured_media":1727,"parent":1213,"menu_order":0,"comment_status":"closed","ping_status":"closed","template":"elementor_header_footer","meta":{"footnotes":""},"class_list":["post-1222","page","type-page","status-publish","has-post-thumbnail","hentry"],"yoast_head":"<!-- This site is optimized with the Yoast SEO plugin v23.1 - https:\/\/yoast.com\/wordpress\/plugins\/seo\/ -->\n<title>Sistemas de seguridad en la altura - Trabajos Verticales 90 Grados<\/title>\n<meta name=\"robots\" content=\"index, follow, max-snippet:-1, max-image-preview:large, max-video-preview:-1\" \/>\n<link rel=\"canonical\" href=\"https:\/\/trabajosverticales90grados.es\/en\/productos-y-servicios\/sistemas-de-seguridad-en-la-altura-en-cantabria\/\" \/>\n<meta property=\"og:locale\" content=\"en_GB\" \/>\n<meta property=\"og:type\" content=\"article\" \/>\n<meta property=\"og:title\" content=\"Sistemas de seguridad en la altura - Trabajos Verticales 90 Grados\" \/>\n<meta property=\"og:description\" content=\"Sistemas de seguridad en la altura Cont\u00e1ctanos L\u00edneas de vida de cable UNE EN 795:2012 C. L\u00ednea de vida horizontal con rail certificado por DEKRA EXAM GmbH cumpliendo EN 795: 2012 como punto Tipo D. L\u00ednea de vida vertical de rail UNE EN 353-1:2014. Puntos de anclaje certificado por DEKRA EXAM GmbH cumpliendo EN 795: [&hellip;]\" \/>\n<meta property=\"og:url\" content=\"https:\/\/trabajosverticales90grados.es\/en\/productos-y-servicios\/sistemas-de-seguridad-en-la-altura-en-cantabria\/\" \/>\n<meta property=\"og:site_name\" content=\"Trabajos Verticales 90 Grados\" \/>\n<meta property=\"article:modified_time\" content=\"2024-05-15T08:03:57+00:00\" \/>\n<meta property=\"og:image\" content=\"https:\/\/trabajosverticales90grados.es\/wp-content\/uploads\/2024\/03\/P7170009-scaled.jpg\" \/>\n\t<meta property=\"og:image:width\" content=\"1920\" \/>\n\t<meta property=\"og:image:height\" content=\"2560\" \/>\n\t<meta property=\"og:image:type\" content=\"image\/jpeg\" \/>\n<meta name=\"twitter:card\" content=\"summary_large_image\" \/>\n<meta name=\"twitter:label1\" content=\"Estimated reading time\" \/>\n\t<meta name=\"twitter:data1\" content=\"1 minute\" \/>\n<script type=\"application\/ld+json\" class=\"yoast-schema-graph\">{\"@context\":\"https:\/\/schema.org\",\"@graph\":[{\"@type\":\"WebPage\",\"@id\":\"https:\/\/trabajosverticales90grados.es\/productos-y-servicios\/sistemas-de-seguridad-en-la-altura-en-cantabria\/\",\"url\":\"https:\/\/trabajosverticales90grados.es\/productos-y-servicios\/sistemas-de-seguridad-en-la-altura-en-cantabria\/\",\"name\":\"Sistemas de seguridad en la altura - Trabajos Verticales 90 Grados\",\"isPartOf\":{\"@id\":\"https:\/\/trabajosverticales90grados.es\/#website\"},\"primaryImageOfPage\":{\"@id\":\"https:\/\/trabajosverticales90grados.es\/productos-y-servicios\/sistemas-de-seguridad-en-la-altura-en-cantabria\/#primaryimage\"},\"image\":{\"@id\":\"https:\/\/trabajosverticales90grados.es\/productos-y-servicios\/sistemas-de-seguridad-en-la-altura-en-cantabria\/#primaryimage\"},\"thumbnailUrl\":\"https:\/\/trabajosverticales90grados.es\/wp-content\/uploads\/2024\/03\/P7170009-scaled.jpg\",\"datePublished\":\"2024-02-27T14:37:51+00:00\",\"dateModified\":\"2024-05-15T08:03:57+00:00\",\"breadcrumb\":{\"@id\":\"https:\/\/trabajosverticales90grados.es\/productos-y-servicios\/sistemas-de-seguridad-en-la-altura-en-cantabria\/#breadcrumb\"},\"inLanguage\":\"en-GB\",\"potentialAction\":[{\"@type\":\"ReadAction\",\"target\":[\"https:\/\/trabajosverticales90grados.es\/productos-y-servicios\/sistemas-de-seguridad-en-la-altura-en-cantabria\/\"]}]},{\"@type\":\"ImageObject\",\"inLanguage\":\"en-GB\",\"@id\":\"https:\/\/trabajosverticales90grados.es\/productos-y-servicios\/sistemas-de-seguridad-en-la-altura-en-cantabria\/#primaryimage\",\"url\":\"https:\/\/trabajosverticales90grados.es\/wp-content\/uploads\/2024\/03\/P7170009-scaled.jpg\",\"contentUrl\":\"https:\/\/trabajosverticales90grados.es\/wp-content\/uploads\/2024\/03\/P7170009-scaled.jpg\",\"width\":1920,\"height\":2560,\"caption\":\"Sistemas de seguridad en la altura en Cantabria\"},{\"@type\":\"BreadcrumbList\",\"@id\":\"https:\/\/trabajosverticales90grados.es\/productos-y-servicios\/sistemas-de-seguridad-en-la-altura-en-cantabria\/#breadcrumb\",\"itemListElement\":[{\"@type\":\"ListItem\",\"position\":1,\"name\":\"Portada\",\"item\":\"https:\/\/trabajosverticales90grados.es\/\"},{\"@type\":\"ListItem\",\"position\":2,\"name\":\"Productos y Servicios\",\"item\":\"https:\/\/trabajosverticales90grados.es\/productos-y-servicios\/\"},{\"@type\":\"ListItem\",\"position\":3,\"name\":\"Sistemas de seguridad en la altura\"}]},{\"@type\":\"WebSite\",\"@id\":\"https:\/\/trabajosverticales90grados.es\/#website\",\"url\":\"https:\/\/trabajosverticales90grados.es\/\",\"name\":\"Trabajos Verticales 90 Grados\",\"description\":\"Construcci\u00f3n y Trabajos Verticales en Cantabria\",\"publisher\":{\"@id\":\"https:\/\/trabajosverticales90grados.es\/#organization\"},\"potentialAction\":[{\"@type\":\"SearchAction\",\"target\":{\"@type\":\"EntryPoint\",\"urlTemplate\":\"https:\/\/trabajosverticales90grados.es\/?s={search_term_string}\"},\"query-input\":\"required name=search_term_string\"}],\"inLanguage\":\"en-GB\"},{\"@type\":\"Organization\",\"@id\":\"https:\/\/trabajosverticales90grados.es\/#organization\",\"name\":\"Trabajos Verticales 90 Grados\",\"url\":\"https:\/\/trabajosverticales90grados.es\/\",\"logo\":{\"@type\":\"ImageObject\",\"inLanguage\":\"en-GB\",\"@id\":\"https:\/\/trabajosverticales90grados.es\/#\/schema\/logo\/image\/\",\"url\":\"https:\/\/trabajosverticales90grados.es\/wp-content\/uploads\/2023\/12\/Logo-web-90-Grados-e1701790576628.png\",\"contentUrl\":\"https:\/\/trabajosverticales90grados.es\/wp-content\/uploads\/2023\/12\/Logo-web-90-Grados-e1701790576628.png\",\"width\":422,\"height\":70,\"caption\":\"Trabajos Verticales 90 Grados\"},\"image\":{\"@id\":\"https:\/\/trabajosverticales90grados.es\/#\/schema\/logo\/image\/\"}}]}<\/script>\n<!-- \/ Yoast SEO plugin. -->","yoast_head_json":{"title":"Sistemas de seguridad en la altura - Trabajos Verticales 90 Grados","robots":{"index":"index","follow":"follow","max-snippet":"max-snippet:-1","max-image-preview":"max-image-preview:large","max-video-preview":"max-video-preview:-1"},"canonical":"https:\/\/trabajosverticales90grados.es\/en\/productos-y-servicios\/sistemas-de-seguridad-en-la-altura-en-cantabria\/","og_locale":"en_GB","og_type":"article","og_title":"Sistemas de seguridad en la altura - Trabajos Verticales 90 Grados","og_description":"Sistemas de seguridad en la altura Cont\u00e1ctanos L\u00edneas de vida de cable UNE EN 795:2012 C. L\u00ednea de vida horizontal con rail certificado por DEKRA EXAM GmbH cumpliendo EN 795: 2012 como punto Tipo D. L\u00ednea de vida vertical de rail UNE EN 353-1:2014. Puntos de anclaje certificado por DEKRA EXAM GmbH cumpliendo EN 795: [&hellip;]","og_url":"https:\/\/trabajosverticales90grados.es\/en\/productos-y-servicios\/sistemas-de-seguridad-en-la-altura-en-cantabria\/","og_site_name":"Trabajos Verticales 90 Grados","article_modified_time":"2024-05-15T08:03:57+00:00","og_image":[{"width":1920,"height":2560,"url":"https:\/\/trabajosverticales90grados.es\/wp-content\/uploads\/2024\/03\/P7170009-scaled.jpg","type":"image\/jpeg"}],"twitter_card":"summary_large_image","twitter_misc":{"Estimated reading time":"1 minute"},"schema":{"@context":"https:\/\/schema.org","@graph":[{"@type":"WebPage","@id":"https:\/\/trabajosverticales90grados.es\/productos-y-servicios\/sistemas-de-seguridad-en-la-altura-en-cantabria\/","url":"https:\/\/trabajosverticales90grados.es\/productos-y-servicios\/sistemas-de-seguridad-en-la-altura-en-cantabria\/","name":"Sistemas de seguridad en la altura - Trabajos Verticales 90 Grados","isPartOf":{"@id":"https:\/\/trabajosverticales90grados.es\/#website"},"primaryImageOfPage":{"@id":"https:\/\/trabajosverticales90grados.es\/productos-y-servicios\/sistemas-de-seguridad-en-la-altura-en-cantabria\/#primaryimage"},"image":{"@id":"https:\/\/trabajosverticales90grados.es\/productos-y-servicios\/sistemas-de-seguridad-en-la-altura-en-cantabria\/#primaryimage"},"thumbnailUrl":"https:\/\/trabajosverticales90grados.es\/wp-content\/uploads\/2024\/03\/P7170009-scaled.jpg","datePublished":"2024-02-27T14:37:51+00:00","dateModified":"2024-05-15T08:03:57+00:00","breadcrumb":{"@id":"https:\/\/trabajosverticales90grados.es\/productos-y-servicios\/sistemas-de-seguridad-en-la-altura-en-cantabria\/#breadcrumb"},"inLanguage":"en-GB","potentialAction":[{"@type":"ReadAction","target":["https:\/\/trabajosverticales90grados.es\/productos-y-servicios\/sistemas-de-seguridad-en-la-altura-en-cantabria\/"]}]},{"@type":"ImageObject","inLanguage":"en-GB","@id":"https:\/\/trabajosverticales90grados.es\/productos-y-servicios\/sistemas-de-seguridad-en-la-altura-en-cantabria\/#primaryimage","url":"https:\/\/trabajosverticales90grados.es\/wp-content\/uploads\/2024\/03\/P7170009-scaled.jpg","contentUrl":"https:\/\/trabajosverticales90grados.es\/wp-content\/uploads\/2024\/03\/P7170009-scaled.jpg","width":1920,"height":2560,"caption":"Sistemas de seguridad en la altura en Cantabria"},{"@type":"BreadcrumbList","@id":"https:\/\/trabajosverticales90grados.es\/productos-y-servicios\/sistemas-de-seguridad-en-la-altura-en-cantabria\/#breadcrumb","itemListElement":[{"@type":"ListItem","position":1,"name":"Portada","item":"https:\/\/trabajosverticales90grados.es\/"},{"@type":"ListItem","position":2,"name":"Productos y Servicios","item":"https:\/\/trabajosverticales90grados.es\/productos-y-servicios\/"},{"@type":"ListItem","position":3,"name":"Sistemas de seguridad en la altura"}]},{"@type":"WebSite","@id":"https:\/\/trabajosverticales90grados.es\/#website","url":"https:\/\/trabajosverticales90grados.es\/","name":"Trabajos Verticales 90 Grados","description":"Construcci\u00f3n y Trabajos Verticales en Cantabria","publisher":{"@id":"https:\/\/trabajosverticales90grados.es\/#organization"},"potentialAction":[{"@type":"SearchAction","target":{"@type":"EntryPoint","urlTemplate":"https:\/\/trabajosverticales90grados.es\/?s={search_term_string}"},"query-input":"required name=search_term_string"}],"inLanguage":"en-GB"},{"@type":"Organization","@id":"https:\/\/trabajosverticales90grados.es\/#organization","name":"Trabajos Verticales 90 Grados","url":"https:\/\/trabajosverticales90grados.es\/","logo":{"@type":"ImageObject","inLanguage":"en-GB","@id":"https:\/\/trabajosverticales90grados.es\/#\/schema\/logo\/image\/","url":"https:\/\/trabajosverticales90grados.es\/wp-content\/uploads\/2023\/12\/Logo-web-90-Grados-e1701790576628.png","contentUrl":"https:\/\/trabajosverticales90grados.es\/wp-content\/uploads\/2023\/12\/Logo-web-90-Grados-e1701790576628.png","width":422,"height":70,"caption":"Trabajos Verticales 90 Grados"},"image":{"@id":"https:\/\/trabajosverticales90grados.es\/#\/schema\/logo\/image\/"}}]}},"_links":{"self":[{"href":"https:\/\/trabajosverticales90grados.es\/en\/wp-json\/wp\/v2\/pages\/1222","targetHints":{"allow":["GET"]}}],"collection":[{"href":"https:\/\/trabajosverticales90grados.es\/en\/wp-json\/wp\/v2\/pages"}],"about":[{"href":"https:\/\/trabajosverticales90grados.es\/en\/wp-json\/wp\/v2\/types\/page"}],"author":[{"embeddable":true,"href":"https:\/\/trabajosverticales90grados.es\/en\/wp-json\/wp\/v2\/users\/1"}],"replies":[{"embeddable":true,"href":"https:\/\/trabajosverticales90grados.es\/en\/wp-json\/wp\/v2\/comments?post=1222"}],"version-history":[{"count":19,"href":"https:\/\/trabajosverticales90grados.es\/en\/wp-json\/wp\/v2\/pages\/1222\/revisions"}],"predecessor-version":[{"id":1450,"href":"https:\/\/trabajosverticales90grados.es\/en\/wp-json\/wp\/v2\/pages\/1222\/revisions\/1450"}],"up":[{"embeddable":true,"href":"https:\/\/trabajosverticales90grados.es\/en\/wp-json\/wp\/v2\/pages\/1213"}],"wp:featuredmedia":[{"embeddable":true,"href":"https:\/\/trabajosverticales90grados.es\/en\/wp-json\/wp\/v2\/media\/1727"}],"wp:attachment":[{"href":"https:\/\/trabajosverticales90grados.es\/en\/wp-json\/wp\/v2\/media?parent=1222"}],"curies":[{"name":"wp","href":"https:\/\/api.w.org\/{rel}","templated":true}]}}