{"id":1240,"date":"2024-02-27T15:31:19","date_gmt":"2024-02-27T15:31:19","guid":{"rendered":"https:\/\/trabajosverticales90grados.es\/?page_id=1240"},"modified":"2024-05-15T07:53:20","modified_gmt":"2024-05-15T07:53:20","slug":"trabajo-vertical-en-cantabria-para-industria","status":"publish","type":"page","link":"https:\/\/trabajosverticales90grados.es\/en\/productos-y-servicios\/trabajo-vertical-en-cantabria-para-industria\/","title":{"rendered":"Jobs in industry"},"content":{"rendered":"<div data-elementor-type=\"wp-page\" data-elementor-id=\"1240\" class=\"elementor elementor-1240\" data-elementor-post-type=\"page\">\n\t\t\t\t\t\t<section class=\"elementor-section elementor-top-section elementor-element elementor-element-32d2bda elementor-section-full_width elementor-section-height-min-height elementor-section-content-middle elementor-section-height-default elementor-section-items-middle\" data-id=\"32d2bda\" data-element_type=\"section\" data-settings=\"{&quot;background_background&quot;:&quot;classic&quot;}\">\n\t\t\t\t\t\t\t<div class=\"elementor-background-overlay\"><\/div>\n\t\t\t\t\t\t\t<div class=\"elementor-container elementor-column-gap-default\">\n\t\t\t\t\t<div class=\"elementor-column elementor-col-100 elementor-top-column elementor-element elementor-element-135758f\" data-id=\"135758f\" data-element_type=\"column\">\n\t\t\t<div class=\"elementor-widget-wrap elementor-element-populated\">\n\t\t\t\t\t\t<section class=\"elementor-section elementor-inner-section elementor-element elementor-element-2a34d21 elementor-section-boxed elementor-section-height-default elementor-section-height-default\" data-id=\"2a34d21\" data-element_type=\"section\">\n\t\t\t\t\t\t<div class=\"elementor-container elementor-column-gap-default\">\n\t\t\t\t\t<div class=\"elementor-column elementor-col-100 elementor-inner-column elementor-element elementor-element-7107f49\" data-id=\"7107f49\" data-element_type=\"column\">\n\t\t\t<div class=\"elementor-widget-wrap elementor-element-populated\">\n\t\t\t\t\t\t<div class=\"elementor-element elementor-element-7c3fb04 premium-header-block premium-header-inline elementor-widget elementor-widget-premium-addon-dual-header\" data-id=\"7c3fb04\" data-element_type=\"widget\" data-widget_type=\"premium-addon-dual-header.default\">\n\t\t\t\t<div class=\"elementor-widget-container\">\n\t\t\t\r\n\t\t\t\t\t<h1 class=\"premium-dual-header-first-header\"><span class=\"premium-dual-header-first-span\">Jobs in industry <\/span><\/h1> \t\t\r\n\t\t\t\t<\/div>\n\t\t\t\t<\/div>\n\t\t\t\t<div class=\"elementor-element elementor-element-5b6c3aa elementor-align-right elementor-widget elementor-widget-button\" data-id=\"5b6c3aa\" data-element_type=\"widget\" data-widget_type=\"button.default\">\n\t\t\t\t<div class=\"elementor-widget-container\">\n\t\t\t\t\t<div class=\"elementor-button-wrapper\">\n\t\t\t<a class=\"elementor-button elementor-button-link elementor-size-sm elementor-animation-shrink\" href=\"https:\/\/trabajosverticales90grados.es\/en\/contacto\/\">\n\t\t\t\t\t\t<span class=\"elementor-button-content-wrapper\">\n\t\t\t\t\t\t\t\t\t<span class=\"elementor-button-text\">Contact us <\/span>\n\t\t\t\t\t<\/span>\n\t\t\t\t\t<\/a>\n\t\t<\/div>\n\t\t\t\t<\/div>\n\t\t\t\t<\/div>\n\t\t\t\t\t<\/div>\n\t\t<\/div>\n\t\t\t\t\t<\/div>\n\t\t<\/section>\n\t\t\t\t\t<\/div>\n\t\t<\/div>\n\t\t\t\t\t<\/div>\n\t\t<\/section>\n\t\t\t\t<section class=\"elementor-section elementor-top-section elementor-element elementor-element-cb235db elementor-section-content-top elementor-section-boxed elementor-section-height-default elementor-section-height-default\" data-id=\"cb235db\" data-element_type=\"section\">\n\t\t\t\t\t\t<div class=\"elementor-container elementor-column-gap-default\">\n\t\t\t\t\t<div class=\"elementor-column elementor-col-50 elementor-top-column elementor-element elementor-element-8f129a1\" data-id=\"8f129a1\" data-element_type=\"column\">\n\t\t\t<div class=\"elementor-widget-wrap elementor-element-populated\">\n\t\t\t\t\t\t<div class=\"elementor-element elementor-element-1405a32 elementor-widget elementor-widget-image\" data-id=\"1405a32\" data-element_type=\"widget\" data-widget_type=\"image.default\">\n\t\t\t\t<div class=\"elementor-widget-container\">\n\t\t\t<style>\/*! elementor - v3.23.0 - 05-08-2024 *\/\n.elementor-widget-image{text-align:center}.elementor-widget-image a{display:inline-block}.elementor-widget-image a img[src$=\".svg\"]{width:48px}.elementor-widget-image img{vertical-align:middle;display:inline-block}<\/style>\t\t\t\t\t\t\t\t\t\t<img fetchpriority=\"high\" decoding=\"async\" width=\"801\" height=\"828\" src=\"https:\/\/trabajosverticales90grados.es\/wp-content\/uploads\/2024\/03\/934133c0-f04c-4671-8efd-101b8ec37906-e1709809921295.jpg\" class=\"attachment-full size-full wp-image-1460\" alt=\"\" srcset=\"https:\/\/trabajosverticales90grados.es\/wp-content\/uploads\/2024\/03\/934133c0-f04c-4671-8efd-101b8ec37906-e1709809921295.jpg 801w, https:\/\/trabajosverticales90grados.es\/wp-content\/uploads\/2024\/03\/934133c0-f04c-4671-8efd-101b8ec37906-e1709809921295-290x300.jpg 290w, https:\/\/trabajosverticales90grados.es\/wp-content\/uploads\/2024\/03\/934133c0-f04c-4671-8efd-101b8ec37906-e1709809921295-768x794.jpg 768w\" sizes=\"(max-width: 801px) 100vw, 801px\" \/>\t\t\t\t\t\t\t\t\t\t\t\t\t<\/div>\n\t\t\t\t<\/div>\n\t\t\t\t\t<\/div>\n\t\t<\/div>\n\t\t\t\t<div class=\"elementor-column elementor-col-50 elementor-top-column elementor-element elementor-element-441fecb\" data-id=\"441fecb\" data-element_type=\"column\">\n\t\t\t<div class=\"elementor-widget-wrap elementor-element-populated\">\n\t\t\t\t\t\t<section class=\"elementor-section elementor-inner-section elementor-element elementor-element-8d5ec3b elementor-section-boxed elementor-section-height-default elementor-section-height-default\" data-id=\"8d5ec3b\" data-element_type=\"section\" data-settings=\"{&quot;background_background&quot;:&quot;classic&quot;}\">\n\t\t\t\t\t\t<div class=\"elementor-container elementor-column-gap-default\">\n\t\t\t\t\t<div class=\"elementor-column elementor-col-100 elementor-inner-column elementor-element elementor-element-833dee9\" data-id=\"833dee9\" data-element_type=\"column\">\n\t\t\t<div class=\"elementor-widget-wrap elementor-element-populated\">\n\t\t\t\t\t\t<div class=\"elementor-element elementor-element-8e8cd90 elementor-icon-list--layout-traditional elementor-list-item-link-full_width elementor-widget elementor-widget-icon-list\" data-id=\"8e8cd90\" data-element_type=\"widget\" data-widget_type=\"icon-list.default\">\n\t\t\t\t<div class=\"elementor-widget-container\">\n\t\t\t<link rel=\"stylesheet\" href=\"https:\/\/trabajosverticales90grados.es\/wp-content\/plugins\/elementor\/assets\/css\/widget-icon-list.min.css\">\t\t<ul class=\"elementor-icon-list-items\">\n\t\t\t\t\t\t\t<li class=\"elementor-icon-list-item\">\n\t\t\t\t\t\t\t\t\t\t\t<span class=\"elementor-icon-list-icon\">\n\t\t\t\t\t\t\t<svg aria-hidden=\"true\" class=\"e-font-icon-svg e-fas-building\" viewbox=\"0 0 448 512\" xmlns=\"http:\/\/www.w3.org\/2000\/svg\"><path d=\"M436 480h-20V24c0-13.255-10.745-24-24-24H56C42.745 0 32 10.745 32 24v456H12c-6.627 0-12 5.373-12 12v20h448v-20c0-6.627-5.373-12-12-12zM128 76c0-6.627 5.373-12 12-12h40c6.627 0 12 5.373 12 12v40c0 6.627-5.373 12-12 12h-40c-6.627 0-12-5.373-12-12V76zm0 96c0-6.627 5.373-12 12-12h40c6.627 0 12 5.373 12 12v40c0 6.627-5.373 12-12 12h-40c-6.627 0-12-5.373-12-12v-40zm52 148h-40c-6.627 0-12-5.373-12-12v-40c0-6.627 5.373-12 12-12h40c6.627 0 12 5.373 12 12v40c0 6.627-5.373 12-12 12zm76 160h-64v-84c0-6.627 5.373-12 12-12h40c6.627 0 12 5.373 12 12v84zm64-172c0 6.627-5.373 12-12 12h-40c-6.627 0-12-5.373-12-12v-40c0-6.627 5.373-12 12-12h40c6.627 0 12 5.373 12 12v40zm0-96c0 6.627-5.373 12-12 12h-40c-6.627 0-12-5.373-12-12v-40c0-6.627 5.373-12 12-12h40c6.627 0 12 5.373 12 12v40zm0-96c0 6.627-5.373 12-12 12h-40c-6.627 0-12-5.373-12-12V76c0-6.627 5.373-12 12-12h40c6.627 0 12 5.373 12 12v40z\"><\/path><\/svg>\t\t\t\t\t\t<\/span>\n\t\t\t\t\t\t\t\t\t\t<span class=\"elementor-icon-list-text\">Installation of security systems.<\/span>\n\t\t\t\t\t\t\t\t\t<\/li>\n\t\t\t\t\t\t\t\t<li class=\"elementor-icon-list-item\">\n\t\t\t\t\t\t\t\t\t\t\t<span class=\"elementor-icon-list-icon\">\n\t\t\t\t\t\t\t<svg aria-hidden=\"true\" class=\"e-font-icon-svg e-fas-building\" viewbox=\"0 0 448 512\" xmlns=\"http:\/\/www.w3.org\/2000\/svg\"><path d=\"M436 480h-20V24c0-13.255-10.745-24-24-24H56C42.745 0 32 10.745 32 24v456H12c-6.627 0-12 5.373-12 12v20h448v-20c0-6.627-5.373-12-12-12zM128 76c0-6.627 5.373-12 12-12h40c6.627 0 12 5.373 12 12v40c0 6.627-5.373 12-12 12h-40c-6.627 0-12-5.373-12-12V76zm0 96c0-6.627 5.373-12 12-12h40c6.627 0 12 5.373 12 12v40c0 6.627-5.373 12-12 12h-40c-6.627 0-12-5.373-12-12v-40zm52 148h-40c-6.627 0-12-5.373-12-12v-40c0-6.627 5.373-12 12-12h40c6.627 0 12 5.373 12 12v40c0 6.627-5.373 12-12 12zm76 160h-64v-84c0-6.627 5.373-12 12-12h40c6.627 0 12 5.373 12 12v84zm64-172c0 6.627-5.373 12-12 12h-40c-6.627 0-12-5.373-12-12v-40c0-6.627 5.373-12 12-12h40c6.627 0 12 5.373 12 12v40zm0-96c0 6.627-5.373 12-12 12h-40c-6.627 0-12-5.373-12-12v-40c0-6.627 5.373-12 12-12h40c6.627 0 12 5.373 12 12v40zm0-96c0 6.627-5.373 12-12 12h-40c-6.627 0-12-5.373-12-12V76c0-6.627 5.373-12 12-12h40c6.627 0 12 5.373 12 12v40z\"><\/path><\/svg>\t\t\t\t\t\t<\/span>\n\t\t\t\t\t\t\t\t\t\t<span class=\"elementor-icon-list-text\">Maintenance and cleaning work.<\/span>\n\t\t\t\t\t\t\t\t\t<\/li>\n\t\t\t\t\t\t\t\t<li class=\"elementor-icon-list-item\">\n\t\t\t\t\t\t\t\t\t\t\t<span class=\"elementor-icon-list-icon\">\n\t\t\t\t\t\t\t<svg aria-hidden=\"true\" class=\"e-font-icon-svg e-fas-building\" viewbox=\"0 0 448 512\" xmlns=\"http:\/\/www.w3.org\/2000\/svg\"><path d=\"M436 480h-20V24c0-13.255-10.745-24-24-24H56C42.745 0 32 10.745 32 24v456H12c-6.627 0-12 5.373-12 12v20h448v-20c0-6.627-5.373-12-12-12zM128 76c0-6.627 5.373-12 12-12h40c6.627 0 12 5.373 12 12v40c0 6.627-5.373 12-12 12h-40c-6.627 0-12-5.373-12-12V76zm0 96c0-6.627 5.373-12 12-12h40c6.627 0 12 5.373 12 12v40c0 6.627-5.373 12-12 12h-40c-6.627 0-12-5.373-12-12v-40zm52 148h-40c-6.627 0-12-5.373-12-12v-40c0-6.627 5.373-12 12-12h40c6.627 0 12 5.373 12 12v40c0 6.627-5.373 12-12 12zm76 160h-64v-84c0-6.627 5.373-12 12-12h40c6.627 0 12 5.373 12 12v84zm64-172c0 6.627-5.373 12-12 12h-40c-6.627 0-12-5.373-12-12v-40c0-6.627 5.373-12 12-12h40c6.627 0 12 5.373 12 12v40zm0-96c0 6.627-5.373 12-12 12h-40c-6.627 0-12-5.373-12-12v-40c0-6.627 5.373-12 12-12h40c6.627 0 12 5.373 12 12v40zm0-96c0 6.627-5.373 12-12 12h-40c-6.627 0-12-5.373-12-12V76c0-6.627 5.373-12 12-12h40c6.627 0 12 5.373 12 12v40z\"><\/path><\/svg>\t\t\t\t\t\t<\/span>\n\t\t\t\t\t\t\t\t\t\t<span class=\"elementor-icon-list-text\">Support for lifting loads at height.<\/span>\n\t\t\t\t\t\t\t\t\t<\/li>\n\t\t\t\t\t\t\t\t<li class=\"elementor-icon-list-item\">\n\t\t\t\t\t\t\t\t\t\t\t<span class=\"elementor-icon-list-icon\">\n\t\t\t\t\t\t\t<svg aria-hidden=\"true\" class=\"e-font-icon-svg e-fas-building\" viewbox=\"0 0 448 512\" xmlns=\"http:\/\/www.w3.org\/2000\/svg\"><path d=\"M436 480h-20V24c0-13.255-10.745-24-24-24H56C42.745 0 32 10.745 32 24v456H12c-6.627 0-12 5.373-12 12v20h448v-20c0-6.627-5.373-12-12-12zM128 76c0-6.627 5.373-12 12-12h40c6.627 0 12 5.373 12 12v40c0 6.627-5.373 12-12 12h-40c-6.627 0-12-5.373-12-12V76zm0 96c0-6.627 5.373-12 12-12h40c6.627 0 12 5.373 12 12v40c0 6.627-5.373 12-12 12h-40c-6.627 0-12-5.373-12-12v-40zm52 148h-40c-6.627 0-12-5.373-12-12v-40c0-6.627 5.373-12 12-12h40c6.627 0 12 5.373 12 12v40c0 6.627-5.373 12-12 12zm76 160h-64v-84c0-6.627 5.373-12 12-12h40c6.627 0 12 5.373 12 12v84zm64-172c0 6.627-5.373 12-12 12h-40c-6.627 0-12-5.373-12-12v-40c0-6.627 5.373-12 12-12h40c6.627 0 12 5.373 12 12v40zm0-96c0 6.627-5.373 12-12 12h-40c-6.627 0-12-5.373-12-12v-40c0-6.627 5.373-12 12-12h40c6.627 0 12 5.373 12 12v40zm0-96c0 6.627-5.373 12-12 12h-40c-6.627 0-12-5.373-12-12V76c0-6.627 5.373-12 12-12h40c6.627 0 12 5.373 12 12v40z\"><\/path><\/svg>\t\t\t\t\t\t<\/span>\n\t\t\t\t\t\t\t\t\t\t<span class=\"elementor-icon-list-text\">Anti-corrosion treatment and enamelling.<\/span>\n\t\t\t\t\t\t\t\t\t<\/li>\n\t\t\t\t\t\t\t\t<li class=\"elementor-icon-list-item\">\n\t\t\t\t\t\t\t\t\t\t\t<span class=\"elementor-icon-list-icon\">\n\t\t\t\t\t\t\t<svg aria-hidden=\"true\" class=\"e-font-icon-svg e-fas-building\" viewbox=\"0 0 448 512\" xmlns=\"http:\/\/www.w3.org\/2000\/svg\"><path d=\"M436 480h-20V24c0-13.255-10.745-24-24-24H56C42.745 0 32 10.745 32 24v456H12c-6.627 0-12 5.373-12 12v20h448v-20c0-6.627-5.373-12-12-12zM128 76c0-6.627 5.373-12 12-12h40c6.627 0 12 5.373 12 12v40c0 6.627-5.373 12-12 12h-40c-6.627 0-12-5.373-12-12V76zm0 96c0-6.627 5.373-12 12-12h40c6.627 0 12 5.373 12 12v40c0 6.627-5.373 12-12 12h-40c-6.627 0-12-5.373-12-12v-40zm52 148h-40c-6.627 0-12-5.373-12-12v-40c0-6.627 5.373-12 12-12h40c6.627 0 12 5.373 12 12v40c0 6.627-5.373 12-12 12zm76 160h-64v-84c0-6.627 5.373-12 12-12h40c6.627 0 12 5.373 12 12v84zm64-172c0 6.627-5.373 12-12 12h-40c-6.627 0-12-5.373-12-12v-40c0-6.627 5.373-12 12-12h40c6.627 0 12 5.373 12 12v40zm0-96c0 6.627-5.373 12-12 12h-40c-6.627 0-12-5.373-12-12v-40c0-6.627 5.373-12 12-12h40c6.627 0 12 5.373 12 12v40zm0-96c0 6.627-5.373 12-12 12h-40c-6.627 0-12-5.373-12-12V76c0-6.627 5.373-12 12-12h40c6.627 0 12 5.373 12 12v40z\"><\/path><\/svg>\t\t\t\t\t\t<\/span>\n\t\t\t\t\t\t\t\t\t\t<span class=\"elementor-icon-list-text\">Facade cleaning.<\/span>\n\t\t\t\t\t\t\t\t\t<\/li>\n\t\t\t\t\t\t\t\t<li class=\"elementor-icon-list-item\">\n\t\t\t\t\t\t\t\t\t\t\t<span class=\"elementor-icon-list-icon\">\n\t\t\t\t\t\t\t<svg aria-hidden=\"true\" class=\"e-font-icon-svg e-fas-building\" viewbox=\"0 0 448 512\" xmlns=\"http:\/\/www.w3.org\/2000\/svg\"><path d=\"M436 480h-20V24c0-13.255-10.745-24-24-24H56C42.745 0 32 10.745 32 24v456H12c-6.627 0-12 5.373-12 12v20h448v-20c0-6.627-5.373-12-12-12zM128 76c0-6.627 5.373-12 12-12h40c6.627 0 12 5.373 12 12v40c0 6.627-5.373 12-12 12h-40c-6.627 0-12-5.373-12-12V76zm0 96c0-6.627 5.373-12 12-12h40c6.627 0 12 5.373 12 12v40c0 6.627-5.373 12-12 12h-40c-6.627 0-12-5.373-12-12v-40zm52 148h-40c-6.627 0-12-5.373-12-12v-40c0-6.627 5.373-12 12-12h40c6.627 0 12 5.373 12 12v40c0 6.627-5.373 12-12 12zm76 160h-64v-84c0-6.627 5.373-12 12-12h40c6.627 0 12 5.373 12 12v84zm64-172c0 6.627-5.373 12-12 12h-40c-6.627 0-12-5.373-12-12v-40c0-6.627 5.373-12 12-12h40c6.627 0 12 5.373 12 12v40zm0-96c0 6.627-5.373 12-12 12h-40c-6.627 0-12-5.373-12-12v-40c0-6.627 5.373-12 12-12h40c6.627 0 12 5.373 12 12v40zm0-96c0 6.627-5.373 12-12 12h-40c-6.627 0-12-5.373-12-12V76c0-6.627 5.373-12 12-12h40c6.627 0 12 5.373 12 12v40z\"><\/path><\/svg>\t\t\t\t\t\t<\/span>\n\t\t\t\t\t\t\t\t\t\t<span class=\"elementor-icon-list-text\">Installation of systems against birds and pests.<\/span>\n\t\t\t\t\t\t\t\t\t<\/li>\n\t\t\t\t\t\t<\/ul>\n\t\t\t\t<\/div>\n\t\t\t\t<\/div>\n\t\t\t\t\t<\/div>\n\t\t<\/div>\n\t\t\t\t\t<\/div>\n\t\t<\/section>\n\t\t\t\t\t<\/div>\n\t\t<\/div>\n\t\t\t\t\t<\/div>\n\t\t<\/section>\n\t\t\t\t<\/div>","protected":false},"excerpt":{"rendered":"<p>Trabajos en industria Cont\u00e1ctanos Instalaci\u00f3n de sistemas de seguridad. Trabajos de mantenimiento y limpieza. Soporte para elevaci\u00f3n de cargas en la altura. Tratamiento anticorrosivos y esmaltados. Limpieza de fachadas. Instalaci\u00f3n de sistemas contra aves y plagas.<\/p>","protected":false},"author":1,"featured_media":1730,"parent":1213,"menu_order":0,"comment_status":"closed","ping_status":"closed","template":"elementor_header_footer","meta":{"footnotes":""},"class_list":["post-1240","page","type-page","status-publish","has-post-thumbnail","hentry"],"yoast_head":"<!-- This site is optimized with the Yoast SEO plugin v23.1 - https:\/\/yoast.com\/wordpress\/plugins\/seo\/ -->\n<title>Trabajos en industria - Trabajos Verticales 90 Grados<\/title>\n<meta name=\"robots\" content=\"index, follow, max-snippet:-1, max-image-preview:large, max-video-preview:-1\" \/>\n<link rel=\"canonical\" href=\"https:\/\/trabajosverticales90grados.es\/en\/productos-y-servicios\/trabajo-vertical-en-cantabria-para-industria\/\" \/>\n<meta property=\"og:locale\" content=\"en_GB\" \/>\n<meta property=\"og:type\" content=\"article\" \/>\n<meta property=\"og:title\" content=\"Trabajos en industria - Trabajos Verticales 90 Grados\" \/>\n<meta property=\"og:description\" content=\"Trabajos en industria Cont\u00e1ctanos Instalaci\u00f3n de sistemas de seguridad. Trabajos de mantenimiento y limpieza. Soporte para elevaci\u00f3n de cargas en la altura. Tratamiento anticorrosivos y esmaltados. Limpieza de fachadas. Instalaci\u00f3n de sistemas contra aves y plagas.\" \/>\n<meta property=\"og:url\" content=\"https:\/\/trabajosverticales90grados.es\/en\/productos-y-servicios\/trabajo-vertical-en-cantabria-para-industria\/\" \/>\n<meta property=\"og:site_name\" content=\"Trabajos Verticales 90 Grados\" \/>\n<meta property=\"article:modified_time\" content=\"2024-05-15T07:53:20+00:00\" \/>\n<meta property=\"og:image\" content=\"https:\/\/trabajosverticales90grados.es\/wp-content\/uploads\/2024\/03\/Trabajos-en-industria.jpg\" \/>\n\t<meta property=\"og:image:width\" content=\"828\" \/>\n\t<meta property=\"og:image:height\" content=\"807\" \/>\n\t<meta property=\"og:image:type\" content=\"image\/jpeg\" \/>\n<meta name=\"twitter:card\" content=\"summary_large_image\" \/>\n<script type=\"application\/ld+json\" class=\"yoast-schema-graph\">{\"@context\":\"https:\/\/schema.org\",\"@graph\":[{\"@type\":\"WebPage\",\"@id\":\"https:\/\/trabajosverticales90grados.es\/productos-y-servicios\/trabajo-vertical-en-cantabria-para-industria\/\",\"url\":\"https:\/\/trabajosverticales90grados.es\/productos-y-servicios\/trabajo-vertical-en-cantabria-para-industria\/\",\"name\":\"Trabajos en industria - Trabajos Verticales 90 Grados\",\"isPartOf\":{\"@id\":\"https:\/\/trabajosverticales90grados.es\/#website\"},\"primaryImageOfPage\":{\"@id\":\"https:\/\/trabajosverticales90grados.es\/productos-y-servicios\/trabajo-vertical-en-cantabria-para-industria\/#primaryimage\"},\"image\":{\"@id\":\"https:\/\/trabajosverticales90grados.es\/productos-y-servicios\/trabajo-vertical-en-cantabria-para-industria\/#primaryimage\"},\"thumbnailUrl\":\"https:\/\/trabajosverticales90grados.es\/wp-content\/uploads\/2024\/03\/Trabajos-en-industria.jpg\",\"datePublished\":\"2024-02-27T15:31:19+00:00\",\"dateModified\":\"2024-05-15T07:53:20+00:00\",\"breadcrumb\":{\"@id\":\"https:\/\/trabajosverticales90grados.es\/productos-y-servicios\/trabajo-vertical-en-cantabria-para-industria\/#breadcrumb\"},\"inLanguage\":\"en-GB\",\"potentialAction\":[{\"@type\":\"ReadAction\",\"target\":[\"https:\/\/trabajosverticales90grados.es\/productos-y-servicios\/trabajo-vertical-en-cantabria-para-industria\/\"]}]},{\"@type\":\"ImageObject\",\"inLanguage\":\"en-GB\",\"@id\":\"https:\/\/trabajosverticales90grados.es\/productos-y-servicios\/trabajo-vertical-en-cantabria-para-industria\/#primaryimage\",\"url\":\"https:\/\/trabajosverticales90grados.es\/wp-content\/uploads\/2024\/03\/Trabajos-en-industria.jpg\",\"contentUrl\":\"https:\/\/trabajosverticales90grados.es\/wp-content\/uploads\/2024\/03\/Trabajos-en-industria.jpg\",\"width\":828,\"height\":807,\"caption\":\"Trabajo vertical en Cantabria para industria\"},{\"@type\":\"BreadcrumbList\",\"@id\":\"https:\/\/trabajosverticales90grados.es\/productos-y-servicios\/trabajo-vertical-en-cantabria-para-industria\/#breadcrumb\",\"itemListElement\":[{\"@type\":\"ListItem\",\"position\":1,\"name\":\"Portada\",\"item\":\"https:\/\/trabajosverticales90grados.es\/\"},{\"@type\":\"ListItem\",\"position\":2,\"name\":\"Productos y Servicios\",\"item\":\"https:\/\/trabajosverticales90grados.es\/productos-y-servicios\/\"},{\"@type\":\"ListItem\",\"position\":3,\"name\":\"Trabajos en industria\"}]},{\"@type\":\"WebSite\",\"@id\":\"https:\/\/trabajosverticales90grados.es\/#website\",\"url\":\"https:\/\/trabajosverticales90grados.es\/\",\"name\":\"Trabajos Verticales 90 Grados\",\"description\":\"Construcci\u00f3n y Trabajos Verticales en Cantabria\",\"publisher\":{\"@id\":\"https:\/\/trabajosverticales90grados.es\/#organization\"},\"potentialAction\":[{\"@type\":\"SearchAction\",\"target\":{\"@type\":\"EntryPoint\",\"urlTemplate\":\"https:\/\/trabajosverticales90grados.es\/?s={search_term_string}\"},\"query-input\":\"required name=search_term_string\"}],\"inLanguage\":\"en-GB\"},{\"@type\":\"Organization\",\"@id\":\"https:\/\/trabajosverticales90grados.es\/#organization\",\"name\":\"Trabajos Verticales 90 Grados\",\"url\":\"https:\/\/trabajosverticales90grados.es\/\",\"logo\":{\"@type\":\"ImageObject\",\"inLanguage\":\"en-GB\",\"@id\":\"https:\/\/trabajosverticales90grados.es\/#\/schema\/logo\/image\/\",\"url\":\"https:\/\/trabajosverticales90grados.es\/wp-content\/uploads\/2023\/12\/Logo-web-90-Grados-e1701790576628.png\",\"contentUrl\":\"https:\/\/trabajosverticales90grados.es\/wp-content\/uploads\/2023\/12\/Logo-web-90-Grados-e1701790576628.png\",\"width\":422,\"height\":70,\"caption\":\"Trabajos Verticales 90 Grados\"},\"image\":{\"@id\":\"https:\/\/trabajosverticales90grados.es\/#\/schema\/logo\/image\/\"}}]}<\/script>\n<!-- \/ Yoast SEO plugin. -->","yoast_head_json":{"title":"Trabajos en industria - Trabajos Verticales 90 Grados","robots":{"index":"index","follow":"follow","max-snippet":"max-snippet:-1","max-image-preview":"max-image-preview:large","max-video-preview":"max-video-preview:-1"},"canonical":"https:\/\/trabajosverticales90grados.es\/en\/productos-y-servicios\/trabajo-vertical-en-cantabria-para-industria\/","og_locale":"en_GB","og_type":"article","og_title":"Trabajos en industria - Trabajos Verticales 90 Grados","og_description":"Trabajos en industria Cont\u00e1ctanos Instalaci\u00f3n de sistemas de seguridad. Trabajos de mantenimiento y limpieza. Soporte para elevaci\u00f3n de cargas en la altura. Tratamiento anticorrosivos y esmaltados. Limpieza de fachadas. Instalaci\u00f3n de sistemas contra aves y plagas.","og_url":"https:\/\/trabajosverticales90grados.es\/en\/productos-y-servicios\/trabajo-vertical-en-cantabria-para-industria\/","og_site_name":"Trabajos Verticales 90 Grados","article_modified_time":"2024-05-15T07:53:20+00:00","og_image":[{"width":828,"height":807,"url":"https:\/\/trabajosverticales90grados.es\/wp-content\/uploads\/2024\/03\/Trabajos-en-industria.jpg","type":"image\/jpeg"}],"twitter_card":"summary_large_image","schema":{"@context":"https:\/\/schema.org","@graph":[{"@type":"WebPage","@id":"https:\/\/trabajosverticales90grados.es\/productos-y-servicios\/trabajo-vertical-en-cantabria-para-industria\/","url":"https:\/\/trabajosverticales90grados.es\/productos-y-servicios\/trabajo-vertical-en-cantabria-para-industria\/","name":"Trabajos en industria - Trabajos Verticales 90 Grados","isPartOf":{"@id":"https:\/\/trabajosverticales90grados.es\/#website"},"primaryImageOfPage":{"@id":"https:\/\/trabajosverticales90grados.es\/productos-y-servicios\/trabajo-vertical-en-cantabria-para-industria\/#primaryimage"},"image":{"@id":"https:\/\/trabajosverticales90grados.es\/productos-y-servicios\/trabajo-vertical-en-cantabria-para-industria\/#primaryimage"},"thumbnailUrl":"https:\/\/trabajosverticales90grados.es\/wp-content\/uploads\/2024\/03\/Trabajos-en-industria.jpg","datePublished":"2024-02-27T15:31:19+00:00","dateModified":"2024-05-15T07:53:20+00:00","breadcrumb":{"@id":"https:\/\/trabajosverticales90grados.es\/productos-y-servicios\/trabajo-vertical-en-cantabria-para-industria\/#breadcrumb"},"inLanguage":"en-GB","potentialAction":[{"@type":"ReadAction","target":["https:\/\/trabajosverticales90grados.es\/productos-y-servicios\/trabajo-vertical-en-cantabria-para-industria\/"]}]},{"@type":"ImageObject","inLanguage":"en-GB","@id":"https:\/\/trabajosverticales90grados.es\/productos-y-servicios\/trabajo-vertical-en-cantabria-para-industria\/#primaryimage","url":"https:\/\/trabajosverticales90grados.es\/wp-content\/uploads\/2024\/03\/Trabajos-en-industria.jpg","contentUrl":"https:\/\/trabajosverticales90grados.es\/wp-content\/uploads\/2024\/03\/Trabajos-en-industria.jpg","width":828,"height":807,"caption":"Trabajo vertical en Cantabria para industria"},{"@type":"BreadcrumbList","@id":"https:\/\/trabajosverticales90grados.es\/productos-y-servicios\/trabajo-vertical-en-cantabria-para-industria\/#breadcrumb","itemListElement":[{"@type":"ListItem","position":1,"name":"Portada","item":"https:\/\/trabajosverticales90grados.es\/"},{"@type":"ListItem","position":2,"name":"Productos y Servicios","item":"https:\/\/trabajosverticales90grados.es\/productos-y-servicios\/"},{"@type":"ListItem","position":3,"name":"Trabajos en industria"}]},{"@type":"WebSite","@id":"https:\/\/trabajosverticales90grados.es\/#website","url":"https:\/\/trabajosverticales90grados.es\/","name":"Trabajos Verticales 90 Grados","description":"Construcci\u00f3n y Trabajos Verticales en Cantabria","publisher":{"@id":"https:\/\/trabajosverticales90grados.es\/#organization"},"potentialAction":[{"@type":"SearchAction","target":{"@type":"EntryPoint","urlTemplate":"https:\/\/trabajosverticales90grados.es\/?s={search_term_string}"},"query-input":"required name=search_term_string"}],"inLanguage":"en-GB"},{"@type":"Organization","@id":"https:\/\/trabajosverticales90grados.es\/#organization","name":"Trabajos Verticales 90 Grados","url":"https:\/\/trabajosverticales90grados.es\/","logo":{"@type":"ImageObject","inLanguage":"en-GB","@id":"https:\/\/trabajosverticales90grados.es\/#\/schema\/logo\/image\/","url":"https:\/\/trabajosverticales90grados.es\/wp-content\/uploads\/2023\/12\/Logo-web-90-Grados-e1701790576628.png","contentUrl":"https:\/\/trabajosverticales90grados.es\/wp-content\/uploads\/2023\/12\/Logo-web-90-Grados-e1701790576628.png","width":422,"height":70,"caption":"Trabajos Verticales 90 Grados"},"image":{"@id":"https:\/\/trabajosverticales90grados.es\/#\/schema\/logo\/image\/"}}]}},"_links":{"self":[{"href":"https:\/\/trabajosverticales90grados.es\/en\/wp-json\/wp\/v2\/pages\/1240","targetHints":{"allow":["GET"]}}],"collection":[{"href":"https:\/\/trabajosverticales90grados.es\/en\/wp-json\/wp\/v2\/pages"}],"about":[{"href":"https:\/\/trabajosverticales90grados.es\/en\/wp-json\/wp\/v2\/types\/page"}],"author":[{"embeddable":true,"href":"https:\/\/trabajosverticales90grados.es\/en\/wp-json\/wp\/v2\/users\/1"}],"replies":[{"embeddable":true,"href":"https:\/\/trabajosverticales90grados.es\/en\/wp-json\/wp\/v2\/comments?post=1240"}],"version-history":[{"count":19,"href":"https:\/\/trabajosverticales90grados.es\/en\/wp-json\/wp\/v2\/pages\/1240\/revisions"}],"predecessor-version":[{"id":1750,"href":"https:\/\/trabajosverticales90grados.es\/en\/wp-json\/wp\/v2\/pages\/1240\/revisions\/1750"}],"up":[{"embeddable":true,"href":"https:\/\/trabajosverticales90grados.es\/en\/wp-json\/wp\/v2\/pages\/1213"}],"wp:featuredmedia":[{"embeddable":true,"href":"https:\/\/trabajosverticales90grados.es\/en\/wp-json\/wp\/v2\/media\/1730"}],"wp:attachment":[{"href":"https:\/\/trabajosverticales90grados.es\/en\/wp-json\/wp\/v2\/media?parent=1240"}],"curies":[{"name":"wp","href":"https:\/\/api.w.org\/{rel}","templated":true}]}}